{"id":6092,"date":"2019-01-14T09:22:16","date_gmt":"2019-01-14T14:22:16","guid":{"rendered":"https:\/\/lesemo.com\/?page_id=6092"},"modified":"2019-01-14T10:13:17","modified_gmt":"2019-01-14T15:13:17","slug":"wigs","status":"publish","type":"page","link":"https:\/\/lesemo.com\/en\/wigs\/","title":{"rendered":"Wigs"},"content":{"rendered":"<div class=\"wpb-content-wrapper\"><p>[vc_row][vc_column width=&#8221;1\/2&#8243; css=&#8221;.vc_custom_1547474514182{margin-top: 30px !important;}&#8221;][vc_custom_heading text=&#8221;Wigs&#8221; use_theme_fonts=&#8221;yes&#8221;][vc_column_text]To maintain your hair prosthesis, Perruques S\u00e9r\u00e9nit\u00e9 offers a monthly treatment. The following information and the use of suitable products will be of great benefit to you.<\/p>\n<p>A synthetic wig is easy to maintain. Consisted of memory fibers, it regains its shape after washing. She is also lighter. Durable and of good quality, the synthetic wig is also offered at a reasonable price.[\/vc_column_text][\/vc_column][vc_column width=&#8221;1\/2&#8243;][vc_single_image image=&#8221;6048&#8243; img_size=&#8221;medium&#8221; alignment=&#8221;center&#8221; style=&#8221;vc_box_shadow&#8221;][\/vc_column][\/vc_row][vc_row][vc_column][vc_separator][\/vc_column][\/vc_row][vc_row][vc_column width=&#8221;1\/2&#8243;][vc_custom_heading text=&#8221;How to wash your synthetic prosthesis?&#8221; use_theme_fonts=&#8221;yes&#8221;][vc_single_image image=&#8221;2254&#8243; img_size=&#8221;medium&#8221; style=&#8221;vc_box_shadow&#8221;][\/vc_column][vc_column width=&#8221;1\/2&#8243;][vc_column_text css=&#8221;.vc_custom_1547475570539{margin-top: 120px !important;}&#8221;]<\/p>\n<div id=\"col_COLUMN_QXF04I4EKM\" class=\"large-8 columns\">\n<div id=\"text_BLOCK_UDQAPQUUG3\" class=\"block-text\">\n<ul>\n<li>Dip it in cold water<\/li>\n<li>Apply the shampoo<\/li>\n<li>Gently massage the inside of the canvas and the hair fiber<\/li>\n<li>Dive back into the cold water<\/li>\n<li>Put your prosthesis on a towel and sponge<\/li>\n<li>Apply the conditioner, leave on for a few minutes, then rinse (if the conditioner is in the form of a spray bottle, do not rinse, let it dry with the product.)<\/li>\n<li>Put your hairpiece on a stale shape (do not put your hairpiece on a styrofoam head because the hardened prosthesis may change shape and it can cause nauseating odors)<\/li>\n<li>Let it air dry (do not use a hair dryer or heat styling tool)<\/li>\n<\/ul>\n<\/div>\n<\/div>\n<p>[\/vc_column_text][\/vc_column][\/vc_row][vc_row][vc_column][vc_separator][\/vc_column][\/vc_row][vc_row][vc_column width=&#8221;1\/2&#8243;][vc_column_text css=&#8221;.vc_custom_1547475647299{margin-top: 70px !important;}&#8221;]<\/p>\n<div id=\"col_COLUMN_B0ANY2XKUI\" class=\"large-8 columns medium-12\">\n<div id=\"text_BLOCK_39FT6VE6N5\" class=\"block-text\">\n<h2>Other precautions to take:<\/h2>\n<p>To untangle the hairpiece, use a comb with spaced teeth, metal, or simply the fingers. Avoid brushing wet hair.<br \/>\nNever use cleaning or styling products for human hair<br \/>\nTo remove frizz, use a water spray or synthetic hair luster<\/p>\n<\/div>\n<\/div>\n<p>[\/vc_column_text][\/vc_column][vc_column width=&#8221;1\/2&#8243;][vc_single_image image=&#8221;2159&#8243; img_size=&#8221;medium&#8221; style=&#8221;vc_box_shadow&#8221;][\/vc_column][\/vc_row][vc_row][vc_column][vc_separator][\/vc_column][\/vc_row][vc_row][vc_column width=&#8221;1\/3&#8243;][vc_single_image image=&#8221;2400&#8243; img_size=&#8221;medium&#8221; style=&#8221;vc_box_shadow&#8221;][vc_single_image image=&#8221;6056&#8243; img_size=&#8221;medium&#8221; style=&#8221;vc_box_shadow&#8221;][\/vc_column][vc_column width=&#8221;1\/3&#8243;][vc_column_text]<\/p>\n<div id=\"col_COLUMN_AIVCWKM86I\" class=\"large-8 columns\">\n<div id=\"text_BLOCK_CH1TJA5ZRF\" class=\"block-text\">\n<div>\n<p>The <strong>human hair wig<\/strong> is a better option for women who wish to have a long hair that gets tangled up less or for those who experience permanent hair loss.<\/p>\n<p>With a transparent canvas that takes the color of the skin, the prosthesis in human hair gives a more natural result. People suffering from alopecia may very well wear it all the time.<\/p>\n<p>That&#8217;s not all, this type of wig can also be colored, permed, dried with a hair dryer, smoothed or curled with a hot iron<\/p>\n<p>Attention, the wig in natural hair can be damaged after exposure to the sun.<\/p>\n<\/div>\n<\/div>\n<\/div>\n<p>[\/vc_column_text][\/vc_column][vc_column width=&#8221;1\/3&#8243;][vc_column_text]<\/p>\n<div id=\"col_COLUMN_HEFH9ATDJ8\" class=\"large-8 columns medium-12\">\n<div id=\"text_BLOCK_3MM602FH46\" class=\"block-text\">\n<p>It is also important to take precautions to avoid damaging it during setting.<\/p>\n<p>To wash your prosthesis, use a pH balanced moisturizing shampoo and conditioner. To give a more natural look to your wig, you can use elastics, clips and barrettes.<\/p>\n<p>Because the hair of a prosthesis does not grow back, it is essential to choose a specialist for cutting or adjusting your wig. You need someone reliable, friendly and understanding. You will find all this at PERRUQUE SERENITE! To personalize your hairstyle, do not forget to bring photos of your favorite haircuts and colors.<\/p>\n<\/div>\n<\/div>\n<p>[\/vc_column_text][\/vc_column][\/vc_row][vc_row][vc_column][vc_btn title=&#8221;BACK&#8221; size=&#8221;lg&#8221; align=&#8221;center&#8221; i_icon_fontawesome=&#8221;fa fa-arrow-left&#8221; skin=&#8221;primary&#8221; add_icon=&#8221;true&#8221; link=&#8221;url:https%3A%2F%2Flesemo.com%2Fen%2Fproducts%2Fwigs-hair-prosthesis%2F|||&#8221;][\/vc_column][\/vc_row]<\/p>\n<\/div>","protected":false},"excerpt":{"rendered":"<p>[vc_row][vc_column width=&#8221;1\/2&#8243; css=&#8221;.vc_custom_1547474514182{margin-top: 30px !important;}&#8221;][vc_custom_heading text=&#8221;Wigs&#8221; use_theme_fonts=&#8221;yes&#8221;][vc_column_text]To maintain your hair prosthesis, Perruques S\u00e9r\u00e9nit\u00e9 offers a monthly treatment. The following information and the use of suitable products will be of great benefit to you. A synthetic wig is easy to maintain. Consisted of memory fibers, it regains its shape after washing. She is also lighter. Durable [&hellip;]<\/p>\n","protected":false},"author":25,"featured_media":0,"parent":0,"menu_order":0,"comment_status":"closed","ping_status":"closed","template":"","meta":{"footnotes":""},"class_list":["post-6092","page","type-page","status-publish","hentry"],"yoast_head":"<!-- This site is optimized with the Yoast SEO Premium plugin v27.2 (Yoast SEO v27.2) - https:\/\/yoast.com\/product\/yoast-seo-premium-wordpress\/ -->\n<title>Wigs - Les Entreprises M\u00e9dicales de L&#039;Outaouais<\/title>\n<meta name=\"robots\" content=\"index, follow, max-snippet:-1, max-image-preview:large, max-video-preview:-1\" \/>\n<link rel=\"canonical\" href=\"https:\/\/lesemo.com\/en\/wigs\/\" \/>\n<meta property=\"og:locale\" content=\"en_US\" \/>\n<meta property=\"og:type\" content=\"article\" \/>\n<meta property=\"og:title\" content=\"Wigs\" \/>\n<meta property=\"og:description\" content=\"[vc_row][vc_column width=&#8221;1\/2&#8243; css=&#8221;.vc_custom_1547474514182{margin-top: 30px !important;}&#8221;][vc_custom_heading text=&#8221;Wigs&#8221; use_theme_fonts=&#8221;yes&#8221;][vc_column_text]To maintain your hair prosthesis, Perruques S\u00e9r\u00e9nit\u00e9 offers a monthly treatment. The following information and the use of suitable products will be of great benefit to you. A synthetic wig is easy to maintain. Consisted of memory fibers, it regains its shape after washing. She is also lighter. Durable [&hellip;]\" \/>\n<meta property=\"og:url\" content=\"https:\/\/lesemo.com\/en\/wigs\/\" \/>\n<meta property=\"og:site_name\" content=\"Les Entreprises M\u00e9dicales de L&#039;Outaouais\" \/>\n<meta property=\"article:modified_time\" content=\"2019-01-14T15:13:17+00:00\" \/>\n<meta name=\"twitter:card\" content=\"summary_large_image\" \/>\n<meta name=\"twitter:label1\" content=\"Est. reading time\" \/>\n\t<meta name=\"twitter:data1\" content=\"3 minutes\" \/>\n<script type=\"application\/ld+json\" class=\"yoast-schema-graph\">{\"@context\":\"https:\/\/schema.org\",\"@graph\":[{\"@type\":\"WebPage\",\"@id\":\"https:\/\/lesemo.com\/en\/wigs\/\",\"url\":\"https:\/\/lesemo.com\/en\/wigs\/\",\"name\":\"Wigs - Les Entreprises M\u00e9dicales de L&#039;Outaouais\",\"isPartOf\":{\"@id\":\"https:\/\/lesemo.com\/#website\"},\"datePublished\":\"2019-01-14T14:22:16+00:00\",\"dateModified\":\"2019-01-14T15:13:17+00:00\",\"breadcrumb\":{\"@id\":\"https:\/\/lesemo.com\/en\/wigs\/#breadcrumb\"},\"inLanguage\":\"en-US\",\"potentialAction\":[{\"@type\":\"ReadAction\",\"target\":[\"https:\/\/lesemo.com\/en\/wigs\/\"]}]},{\"@type\":\"BreadcrumbList\",\"@id\":\"https:\/\/lesemo.com\/en\/wigs\/#breadcrumb\",\"itemListElement\":[{\"@type\":\"ListItem\",\"position\":1,\"name\":\"Home\",\"item\":\"https:\/\/lesemo.com\/en\/\"},{\"@type\":\"ListItem\",\"position\":2,\"name\":\"Wigs\"}]},{\"@type\":\"WebSite\",\"@id\":\"https:\/\/lesemo.com\/#website\",\"url\":\"https:\/\/lesemo.com\/\",\"name\":\"Les Entreprises M\u00e9dicales de L&#039;Outaouais\",\"description\":\"Les Entreprises M\u00e9dicales de L&#039;Outaouais\",\"potentialAction\":[{\"@type\":\"SearchAction\",\"target\":{\"@type\":\"EntryPoint\",\"urlTemplate\":\"https:\/\/lesemo.com\/?s={search_term_string}\"},\"query-input\":{\"@type\":\"PropertyValueSpecification\",\"valueRequired\":true,\"valueName\":\"search_term_string\"}}],\"inLanguage\":\"en-US\"}]}<\/script>\n<!-- \/ Yoast SEO Premium plugin. -->","yoast_head_json":{"title":"Wigs - Les Entreprises M\u00e9dicales de L&#039;Outaouais","robots":{"index":"index","follow":"follow","max-snippet":"max-snippet:-1","max-image-preview":"max-image-preview:large","max-video-preview":"max-video-preview:-1"},"canonical":"https:\/\/lesemo.com\/en\/wigs\/","og_locale":"en_US","og_type":"article","og_title":"Wigs","og_description":"[vc_row][vc_column width=&#8221;1\/2&#8243; css=&#8221;.vc_custom_1547474514182{margin-top: 30px !important;}&#8221;][vc_custom_heading text=&#8221;Wigs&#8221; use_theme_fonts=&#8221;yes&#8221;][vc_column_text]To maintain your hair prosthesis, Perruques S\u00e9r\u00e9nit\u00e9 offers a monthly treatment. The following information and the use of suitable products will be of great benefit to you. A synthetic wig is easy to maintain. Consisted of memory fibers, it regains its shape after washing. She is also lighter. Durable [&hellip;]","og_url":"https:\/\/lesemo.com\/en\/wigs\/","og_site_name":"Les Entreprises M\u00e9dicales de L&#039;Outaouais","article_modified_time":"2019-01-14T15:13:17+00:00","twitter_card":"summary_large_image","twitter_misc":{"Est. reading time":"3 minutes"},"schema":{"@context":"https:\/\/schema.org","@graph":[{"@type":"WebPage","@id":"https:\/\/lesemo.com\/en\/wigs\/","url":"https:\/\/lesemo.com\/en\/wigs\/","name":"Wigs - Les Entreprises M\u00e9dicales de L&#039;Outaouais","isPartOf":{"@id":"https:\/\/lesemo.com\/#website"},"datePublished":"2019-01-14T14:22:16+00:00","dateModified":"2019-01-14T15:13:17+00:00","breadcrumb":{"@id":"https:\/\/lesemo.com\/en\/wigs\/#breadcrumb"},"inLanguage":"en-US","potentialAction":[{"@type":"ReadAction","target":["https:\/\/lesemo.com\/en\/wigs\/"]}]},{"@type":"BreadcrumbList","@id":"https:\/\/lesemo.com\/en\/wigs\/#breadcrumb","itemListElement":[{"@type":"ListItem","position":1,"name":"Home","item":"https:\/\/lesemo.com\/en\/"},{"@type":"ListItem","position":2,"name":"Wigs"}]},{"@type":"WebSite","@id":"https:\/\/lesemo.com\/#website","url":"https:\/\/lesemo.com\/","name":"Les Entreprises M\u00e9dicales de L&#039;Outaouais","description":"Les Entreprises M\u00e9dicales de L&#039;Outaouais","potentialAction":[{"@type":"SearchAction","target":{"@type":"EntryPoint","urlTemplate":"https:\/\/lesemo.com\/?s={search_term_string}"},"query-input":{"@type":"PropertyValueSpecification","valueRequired":true,"valueName":"search_term_string"}}],"inLanguage":"en-US"}]}},"_links":{"self":[{"href":"https:\/\/lesemo.com\/en\/wp-json\/wp\/v2\/pages\/6092","targetHints":{"allow":["GET"]}}],"collection":[{"href":"https:\/\/lesemo.com\/en\/wp-json\/wp\/v2\/pages"}],"about":[{"href":"https:\/\/lesemo.com\/en\/wp-json\/wp\/v2\/types\/page"}],"author":[{"embeddable":true,"href":"https:\/\/lesemo.com\/en\/wp-json\/wp\/v2\/users\/25"}],"replies":[{"embeddable":true,"href":"https:\/\/lesemo.com\/en\/wp-json\/wp\/v2\/comments?post=6092"}],"version-history":[{"count":10,"href":"https:\/\/lesemo.com\/en\/wp-json\/wp\/v2\/pages\/6092\/revisions"}],"predecessor-version":[{"id":6102,"href":"https:\/\/lesemo.com\/en\/wp-json\/wp\/v2\/pages\/6092\/revisions\/6102"}],"wp:attachment":[{"href":"https:\/\/lesemo.com\/en\/wp-json\/wp\/v2\/media?parent=6092"}],"curies":[{"name":"wp","href":"https:\/\/api.w.org\/{rel}","templated":true}]}}