{"id":2320,"date":"2017-01-09T10:04:22","date_gmt":"2017-01-09T15:04:22","guid":{"rendered":"http:\/\/lesemo.com\/medical-conditions\/stomie\/"},"modified":"2018-04-25T09:58:32","modified_gmt":"2018-04-25T13:58:32","slug":"stomie","status":"publish","type":"page","link":"https:\/\/lesemo.com\/en\/medical-conditions\/stomie\/","title":{"rendered":"Stomie"},"content":{"rendered":"<div class=\"wpb-content-wrapper\"><p>[vc_row el_id=&#8221;bg_conditions&#8221; css=&#8221;.vc_custom_1478196915474{margin-top: -35px !important;background-image: url(\/wp-content\/uploads\/2016\/10\/bg_photos-1.jpg?id=894) !important;background-position: 0 0 !important;background-repeat: no-repeat !important;}&#8221;][vc_column css=&#8221;.vc_custom_1478196851974{margin-top: 35px !important;}&#8221; offset=&#8221;vc_col-lg-8 vc_col-md-8&#8243;][vc_column_text]<\/p>\n<h2>Qu\u2019est-ce qu&#8217;une stomie\u00a0?<\/h2>\n<p>La stomie est le r\u00e9sultat d\u2019une intervention chirurgicale. Cette intervention permet de cr\u00e9er une ouverture dans une r\u00e9gion interne du corps qui communiquera avec l\u2019ext\u00e9rieur. L&#8217;intervention\u00a0est principalement pratiqu\u00e9e dans des cas de cancer du c\u00f4lon, de blessure \u00e0 l\u2019intestin ou d\u2019infection abdominale.<\/p>\n<p>Coloplast, entreprise sp\u00e9cialis\u00e9e dans le d\u00e9veloppement de produits qui simplifient la vie des gens aux prises avec cette condition (et fournisseurs des EMO), pr\u00e9sente trois types de stomies comme les plus courantes\u00a0: la colostomie, l\u2019il\u00e9ostomie et l\u2019urostomie.<br \/>\nSelon le cas, cette condition m\u00e9dicale est permanente ou temporaire.[\/vc_column_text][vc_column_text]Le port d\u2019un appareillage ou un sac sur l\u2019abdomen en est la caract\u00e9ristique principale.<\/p>\n<p>Le dispositif est opaque et \u00e0 l\u2019\u00e9preuve des odeurs. Il peut \u00eatre ferm\u00e9 ou peut \u00eatre vid\u00e9 et est constitu\u00e9 d\u2019une ou de deux pi\u00e8ces, selon le cas. Les sacs sont discrets et ne se voient pas sous les v\u00eatements.<\/p>\n<p>Les Entreprises m\u00e9dicales de l\u2019Outaouais offrent un grand \u00e9ventail de <u>produits<\/u>\u00a0de soins ainsi que les dispositifs n\u00e9cessaires \u00e0 la vie quotidienne avec une stomie.<\/p>\n<p>Consultez la section <a class=\"btn btn-primary\" href=\"\/nos-produits\/produits-de-stomie\/\">Produits de stomie<\/a> pour en savoir plus.[\/vc_column_text][\/vc_column][vc_column width=&#8221;2\/3&#8243; css=&#8221;.vc_custom_1478196862369{padding-top: 36px !important;padding-right: 36px !important;padding-bottom: 36px !important;padding-left: 36px !important;}&#8221; offset=&#8221;vc_col-lg-4 vc_col-md-4&#8243;][vc_single_image image=&#8221;682&#8243; img_size=&#8221;medium&#8221; alignment=&#8221;center&#8221; style=&#8221;vc_box_outline&#8221;][vc_single_image image=&#8221;681&#8243; img_size=&#8221;medium&#8221; alignment=&#8221;center&#8221; style=&#8221;vc_box_outline&#8221;][vc_single_image image=&#8221;683&#8243; img_size=&#8221;medium&#8221; alignment=&#8221;center&#8221; style=&#8221;vc_box_outline&#8221;][vc_single_image image=&#8221;680&#8243; img_size=&#8221;medium&#8221; alignment=&#8221;center&#8221; style=&#8221;vc_box_outline&#8221;][\/vc_column][\/vc_row][vc_row][vc_column][\/vc_column][\/vc_row]<\/p>\n<\/div>","protected":false},"excerpt":{"rendered":"<p>[vc_row el_id=&#8221;bg_conditions&#8221; css=&#8221;.vc_custom_1478196915474{margin-top: -35px !important;background-image: url(\/wp-content\/uploads\/2016\/10\/bg_photos-1.jpg?id=894) !important;background-position: 0 0 !important;background-repeat: no-repeat !important;}&#8221;][vc_column css=&#8221;.vc_custom_1478196851974{margin-top: 35px !important;}&#8221; offset=&#8221;vc_col-lg-8 vc_col-md-8&#8243;][vc_column_text] Qu\u2019est-ce qu&#8217;une stomie\u00a0? La stomie est le r\u00e9sultat d\u2019une intervention chirurgicale. Cette intervention permet de cr\u00e9er une ouverture dans une r\u00e9gion interne du corps qui communiquera avec l\u2019ext\u00e9rieur. L&#8217;intervention\u00a0est principalement pratiqu\u00e9e dans des cas de cancer du c\u00f4lon, [&hellip;]<\/p>\n","protected":false},"author":14,"featured_media":0,"parent":2014,"menu_order":0,"comment_status":"closed","ping_status":"closed","template":"","meta":{"footnotes":""},"class_list":["post-2320","page","type-page","status-publish","hentry"],"yoast_head":"<!-- This site is optimized with the Yoast SEO Premium plugin v27.2 (Yoast SEO v27.2) - https:\/\/yoast.com\/product\/yoast-seo-premium-wordpress\/ -->\n<title>Stomie - Les Entreprises M\u00e9dicales de L&#039;Outaouais<\/title>\n<meta name=\"description\" content=\"Apprenez en plus sur la stomie et d\u00e9couvrez l&#039;\u00e9ventail de produits de soins et d&#039;aide \u00e0 la vie quotidienne avec une stomie propos\u00e9 par les EMO.\" \/>\n<meta name=\"robots\" content=\"index, follow, max-snippet:-1, max-image-preview:large, max-video-preview:-1\" \/>\n<link rel=\"canonical\" href=\"https:\/\/lesemo.com\/en\/medical-conditions\/stomie\/\" \/>\n<meta property=\"og:locale\" content=\"en_US\" \/>\n<meta property=\"og:type\" content=\"article\" \/>\n<meta property=\"og:title\" content=\"Stomie\" \/>\n<meta property=\"og:description\" content=\"Apprenez en plus sur la stomie et d\u00e9couvrez l&#039;\u00e9ventail de produits de soins et d&#039;aide \u00e0 la vie quotidienne avec une stomie propos\u00e9 par les EMO.\" \/>\n<meta property=\"og:url\" content=\"https:\/\/lesemo.com\/en\/medical-conditions\/stomie\/\" \/>\n<meta property=\"og:site_name\" content=\"Les Entreprises M\u00e9dicales de L&#039;Outaouais\" \/>\n<meta property=\"article:modified_time\" content=\"2018-04-25T13:58:32+00:00\" \/>\n<meta name=\"twitter:card\" content=\"summary_large_image\" \/>\n<meta name=\"twitter:label1\" content=\"Est. reading time\" \/>\n\t<meta name=\"twitter:data1\" content=\"2 minutes\" \/>\n<script type=\"application\/ld+json\" class=\"yoast-schema-graph\">{\"@context\":\"https:\/\/schema.org\",\"@graph\":[{\"@type\":\"WebPage\",\"@id\":\"https:\/\/lesemo.com\/en\/medical-conditions\/stomie\/\",\"url\":\"https:\/\/lesemo.com\/en\/medical-conditions\/stomie\/\",\"name\":\"Stomie - Les Entreprises M\u00e9dicales de L&#039;Outaouais\",\"isPartOf\":{\"@id\":\"https:\/\/lesemo.com\/#website\"},\"datePublished\":\"2017-01-09T15:04:22+00:00\",\"dateModified\":\"2018-04-25T13:58:32+00:00\",\"description\":\"Apprenez en plus sur la stomie et d\u00e9couvrez l'\u00e9ventail de produits de soins et d'aide \u00e0 la vie quotidienne avec une stomie propos\u00e9 par les EMO.\",\"breadcrumb\":{\"@id\":\"https:\/\/lesemo.com\/en\/medical-conditions\/stomie\/#breadcrumb\"},\"inLanguage\":\"en-US\",\"potentialAction\":[{\"@type\":\"ReadAction\",\"target\":[\"https:\/\/lesemo.com\/en\/medical-conditions\/stomie\/\"]}]},{\"@type\":\"BreadcrumbList\",\"@id\":\"https:\/\/lesemo.com\/en\/medical-conditions\/stomie\/#breadcrumb\",\"itemListElement\":[{\"@type\":\"ListItem\",\"position\":1,\"name\":\"Home\",\"item\":\"https:\/\/lesemo.com\/en\/\"},{\"@type\":\"ListItem\",\"position\":2,\"name\":\"Medical Conditions\",\"item\":\"https:\/\/lesemo.com\/en\/medical-conditions\/\"},{\"@type\":\"ListItem\",\"position\":3,\"name\":\"Stomie\"}]},{\"@type\":\"WebSite\",\"@id\":\"https:\/\/lesemo.com\/#website\",\"url\":\"https:\/\/lesemo.com\/\",\"name\":\"Les Entreprises M\u00e9dicales de L&#039;Outaouais\",\"description\":\"Les Entreprises M\u00e9dicales de L&#039;Outaouais\",\"potentialAction\":[{\"@type\":\"SearchAction\",\"target\":{\"@type\":\"EntryPoint\",\"urlTemplate\":\"https:\/\/lesemo.com\/?s={search_term_string}\"},\"query-input\":{\"@type\":\"PropertyValueSpecification\",\"valueRequired\":true,\"valueName\":\"search_term_string\"}}],\"inLanguage\":\"en-US\"}]}<\/script>\n<!-- \/ Yoast SEO Premium plugin. -->","yoast_head_json":{"title":"Stomie - Les Entreprises M\u00e9dicales de L&#039;Outaouais","description":"Apprenez en plus sur la stomie et d\u00e9couvrez l'\u00e9ventail de produits de soins et d'aide \u00e0 la vie quotidienne avec une stomie propos\u00e9 par les EMO.","robots":{"index":"index","follow":"follow","max-snippet":"max-snippet:-1","max-image-preview":"max-image-preview:large","max-video-preview":"max-video-preview:-1"},"canonical":"https:\/\/lesemo.com\/en\/medical-conditions\/stomie\/","og_locale":"en_US","og_type":"article","og_title":"Stomie","og_description":"Apprenez en plus sur la stomie et d\u00e9couvrez l'\u00e9ventail de produits de soins et d'aide \u00e0 la vie quotidienne avec une stomie propos\u00e9 par les EMO.","og_url":"https:\/\/lesemo.com\/en\/medical-conditions\/stomie\/","og_site_name":"Les Entreprises M\u00e9dicales de L&#039;Outaouais","article_modified_time":"2018-04-25T13:58:32+00:00","twitter_card":"summary_large_image","twitter_misc":{"Est. reading time":"2 minutes"},"schema":{"@context":"https:\/\/schema.org","@graph":[{"@type":"WebPage","@id":"https:\/\/lesemo.com\/en\/medical-conditions\/stomie\/","url":"https:\/\/lesemo.com\/en\/medical-conditions\/stomie\/","name":"Stomie - Les Entreprises M\u00e9dicales de L&#039;Outaouais","isPartOf":{"@id":"https:\/\/lesemo.com\/#website"},"datePublished":"2017-01-09T15:04:22+00:00","dateModified":"2018-04-25T13:58:32+00:00","description":"Apprenez en plus sur la stomie et d\u00e9couvrez l'\u00e9ventail de produits de soins et d'aide \u00e0 la vie quotidienne avec une stomie propos\u00e9 par les EMO.","breadcrumb":{"@id":"https:\/\/lesemo.com\/en\/medical-conditions\/stomie\/#breadcrumb"},"inLanguage":"en-US","potentialAction":[{"@type":"ReadAction","target":["https:\/\/lesemo.com\/en\/medical-conditions\/stomie\/"]}]},{"@type":"BreadcrumbList","@id":"https:\/\/lesemo.com\/en\/medical-conditions\/stomie\/#breadcrumb","itemListElement":[{"@type":"ListItem","position":1,"name":"Home","item":"https:\/\/lesemo.com\/en\/"},{"@type":"ListItem","position":2,"name":"Medical Conditions","item":"https:\/\/lesemo.com\/en\/medical-conditions\/"},{"@type":"ListItem","position":3,"name":"Stomie"}]},{"@type":"WebSite","@id":"https:\/\/lesemo.com\/#website","url":"https:\/\/lesemo.com\/","name":"Les Entreprises M\u00e9dicales de L&#039;Outaouais","description":"Les Entreprises M\u00e9dicales de L&#039;Outaouais","potentialAction":[{"@type":"SearchAction","target":{"@type":"EntryPoint","urlTemplate":"https:\/\/lesemo.com\/?s={search_term_string}"},"query-input":{"@type":"PropertyValueSpecification","valueRequired":true,"valueName":"search_term_string"}}],"inLanguage":"en-US"}]}},"_links":{"self":[{"href":"https:\/\/lesemo.com\/en\/wp-json\/wp\/v2\/pages\/2320","targetHints":{"allow":["GET"]}}],"collection":[{"href":"https:\/\/lesemo.com\/en\/wp-json\/wp\/v2\/pages"}],"about":[{"href":"https:\/\/lesemo.com\/en\/wp-json\/wp\/v2\/types\/page"}],"author":[{"embeddable":true,"href":"https:\/\/lesemo.com\/en\/wp-json\/wp\/v2\/users\/14"}],"replies":[{"embeddable":true,"href":"https:\/\/lesemo.com\/en\/wp-json\/wp\/v2\/comments?post=2320"}],"version-history":[{"count":13,"href":"https:\/\/lesemo.com\/en\/wp-json\/wp\/v2\/pages\/2320\/revisions"}],"predecessor-version":[{"id":2735,"href":"https:\/\/lesemo.com\/en\/wp-json\/wp\/v2\/pages\/2320\/revisions\/2735"}],"up":[{"embeddable":true,"href":"https:\/\/lesemo.com\/en\/wp-json\/wp\/v2\/pages\/2014"}],"wp:attachment":[{"href":"https:\/\/lesemo.com\/en\/wp-json\/wp\/v2\/media?parent=2320"}],"curies":[{"name":"wp","href":"https:\/\/api.w.org\/{rel}","templated":true}]}}