{"id":2127,"date":"2017-01-16T09:21:56","date_gmt":"2017-01-16T14:21:56","guid":{"rendered":"http:\/\/lesemo.com\/frequently-asked-questions\/"},"modified":"2020-10-01T08:37:48","modified_gmt":"2020-10-01T12:37:48","slug":"frequently-asked-questions","status":"publish","type":"page","link":"https:\/\/lesemo.com\/en\/frequently-asked-questions\/","title":{"rendered":"FAQ"},"content":{"rendered":"<div class=\"wpb-content-wrapper\"><p>[vc_row][vc_column][vc_custom_heading text=&#8221;Frequently Asked Questions&#8221; font_container=&#8221;tag:h2|text_align:center&#8221; use_theme_fonts=&#8221;yes&#8221;][vc_column_text]<\/p>\n<p>Here are the questions we receive most here at Les Entreprises M\u00e9dicales de l&#8217;Outaouais. Our consultants and specialists are here during business hours to answer any question you may have that is not found on this page.<\/p>\n<p>[\/vc_column_text][\/vc_column][\/vc_row][vc_row][vc_column][vc_toggle title=&#8221;Do you have ostomy products?&#8221; el_id=&#8221;1481655166238-fbb0d692-7c94&#8243;]<\/p>\n<p>Les Entreprises M\u00e9dicales de l&#8217;Outaouais offers a wide selection of health products and for people living an ostomy. With several\u00a0trusted suppliers, we&#8217;re convinced you will find what you need. If for any reason we don&#8217;t have the specific product you require, we can order it for you. Your complete satisfaction is our main priority.<\/p>\n<p>[\/vc_toggle][vc_toggle title=&#8221;Do you have walkers in store?&#8221; el_id=&#8221;1481655396815-4c1fd575-9a92&#8243;]<\/p>\n<p>Our large store and warehouse allow us to carry many models of walkers in stock. Come in to the store to try them out and make sure you select the model that is right for you. You can also consult our Reduced mobility aids section to find out more. Don&#8217;t hesitate to contact us, our consultants will be pleased to answer any of your questions.<\/p>\n<p>[\/vc_toggle][vc_toggle title=&#8221;Are medical beds and wheelchairs also available for rent?&#8221; el_id=&#8221;1481655396203-7044cf0d-d005&#8243;]<\/p>\n<p>At les Entreprises M\u00e9dicales de l&#8217;Outaouais, you&#8217;ll find many reduced mobility aids available for rent. From wheelchairs, to scooters, medical beds, lifts, and more\u00a0you&#8217;ll find the product you need. Contact or visit us to share your specific needs and we&#8217;ll find the right solution for you.<\/p>\n<p>[\/vc_toggle][vc_toggle title=&#8221;Do you carry adaptive clothing?&#8221; el_id=&#8221;1481655395536-50e3e167-d6af&#8221;]We carry a complete line of adaptive clothing. These are available in all sizes, models and colours. Our specialists will be pleased to assist and guide in the selection of the clothing that is right and most comfortable for you.[\/vc_toggle][vc_toggle title=&#8221;Do you sell compression stockings?&#8221; el_id=&#8221;1481655394223-04c5472f-7905&#8243;]We offer several models of compression stockings. To make sure you get maximum results, it is best to make an appointment with one of our consultant in store. Simply call us to set your appointment or send us your information via the\u00a0Contact Us section and one of our consultants will contact you.[\/vc_toggle][vc_toggle title=&#8221;Do you have breast forms?&#8221; el_id=&#8221;1481655393585-c4d1b4fb-38f7&#8243;]Many models of breast forms are available in store. Our specialist will take the time to analyse your specific needs and guide you. She can explore the vaious models with you with complete discretion. Do not hesitate to make an appointment. Call or visit the store directly.[\/vc_toggle][vc_toggle title=&#8221;Do you sell wigs and hair prosthesis?&#8221; el_id=&#8221;1481655392856-7386b69e-f861&#8243;]Nancy Matte, our specialist, has been an expert in this field for over 15 years and offers a complete line of wigs and hair prosthesis. Coiffure S\u00e9r\u00e9nit\u00e9 is a Jon Renau distributor. You will find the product that is right for you along with customized service and attention to your needs and desires.[\/vc_toggle][vc_toggle title=&#8221;Do you offer technical assistance, maintenance, installation and repairs on the equipment you sell?&#8221; el_id=&#8221;1481655394882-28c0646d-8553&#8243;]Our technicians have more that 35 years of experience in installation, repair and maintenance of\u00a0reduced mobility aids and other medical equipment. Service is available in store or on the road (onsite). We&#8217;re pleased to answer your questions, perform installations and repair your equipment. You can contact the technical support section at 819-205-9111 ext. 3124 to make an appointment. Our technicians will be able to assess the equipment and provide with a quote for the work if required.[\/vc_toggle][vc_toggle title=&#8221;How does delivery work for products ordered by telephone?&#8221; el_id=&#8221;1481655392074-5f789e51-dd0f&#8221;]For all orders of 125$ (before taxes) or more, delivery is free and takes place within 24 to 48 hours of your order.\u00a0<em> Only applicable for local orders in the Ottawa-Gatineau area. Not applicable for MedCline products.<\/em>[\/vc_toggle][\/vc_column][\/vc_row][vc_row][vc_column][vc_column_text][\/vc_column_text][\/vc_column][\/vc_row]<\/p>\n<\/div>","protected":false},"excerpt":{"rendered":"<p>[vc_row][vc_column][vc_custom_heading text=&#8221;Frequently Asked Questions&#8221; font_container=&#8221;tag:h2|text_align:center&#8221; use_theme_fonts=&#8221;yes&#8221;][vc_column_text] Here are the questions we receive most here at Les Entreprises M\u00e9dicales de l&#8217;Outaouais. Our consultants and specialists are here during business hours to answer any question you may have that is not found on this page. [\/vc_column_text][\/vc_column][\/vc_row][vc_row][vc_column][vc_toggle title=&#8221;Do you have ostomy products?&#8221; el_id=&#8221;1481655166238-fbb0d692-7c94&#8243;] Les Entreprises M\u00e9dicales de l&#8217;Outaouais [&hellip;]<\/p>\n","protected":false},"author":14,"featured_media":0,"parent":0,"menu_order":0,"comment_status":"closed","ping_status":"closed","template":"","meta":{"footnotes":""},"class_list":["post-2127","page","type-page","status-publish","hentry"],"yoast_head":"<!-- This site is optimized with the Yoast SEO Premium plugin v27.2 (Yoast SEO v27.2) - https:\/\/yoast.com\/product\/yoast-seo-premium-wordpress\/ -->\n<title>FAQ - Les Entreprises M\u00e9dicales de L&#039;Outaouais<\/title>\n<meta name=\"robots\" content=\"index, follow, max-snippet:-1, max-image-preview:large, max-video-preview:-1\" \/>\n<link rel=\"canonical\" href=\"https:\/\/lesemo.com\/en\/frequently-asked-questions\/\" \/>\n<meta property=\"og:locale\" content=\"en_US\" \/>\n<meta property=\"og:type\" content=\"article\" \/>\n<meta property=\"og:title\" content=\"FAQ\" \/>\n<meta property=\"og:description\" content=\"[vc_row][vc_column][vc_custom_heading text=&#8221;Frequently Asked Questions&#8221; font_container=&#8221;tag:h2|text_align:center&#8221; use_theme_fonts=&#8221;yes&#8221;][vc_column_text] Here are the questions we receive most here at Les Entreprises M\u00e9dicales de l&#8217;Outaouais. Our consultants and specialists are here during business hours to answer any question you may have that is not found on this page. [\/vc_column_text][\/vc_column][\/vc_row][vc_row][vc_column][vc_toggle title=&#8221;Do you have ostomy products?&#8221; el_id=&#8221;1481655166238-fbb0d692-7c94&#8243;] Les Entreprises M\u00e9dicales de l&#8217;Outaouais [&hellip;]\" \/>\n<meta property=\"og:url\" content=\"https:\/\/lesemo.com\/en\/frequently-asked-questions\/\" \/>\n<meta property=\"og:site_name\" content=\"Les Entreprises M\u00e9dicales de L&#039;Outaouais\" \/>\n<meta property=\"article:modified_time\" content=\"2020-10-01T12:37:48+00:00\" \/>\n<meta name=\"twitter:card\" content=\"summary_large_image\" \/>\n<meta name=\"twitter:label1\" content=\"Est. reading time\" \/>\n\t<meta name=\"twitter:data1\" content=\"4 minutes\" \/>\n<script type=\"application\/ld+json\" class=\"yoast-schema-graph\">{\"@context\":\"https:\/\/schema.org\",\"@graph\":[{\"@type\":\"WebPage\",\"@id\":\"https:\/\/lesemo.com\/en\/frequently-asked-questions\/\",\"url\":\"https:\/\/lesemo.com\/en\/frequently-asked-questions\/\",\"name\":\"FAQ - Les Entreprises M\u00e9dicales de L&#039;Outaouais\",\"isPartOf\":{\"@id\":\"https:\/\/lesemo.com\/#website\"},\"datePublished\":\"2017-01-16T14:21:56+00:00\",\"dateModified\":\"2020-10-01T12:37:48+00:00\",\"breadcrumb\":{\"@id\":\"https:\/\/lesemo.com\/en\/frequently-asked-questions\/#breadcrumb\"},\"inLanguage\":\"en-US\",\"potentialAction\":[{\"@type\":\"ReadAction\",\"target\":[\"https:\/\/lesemo.com\/en\/frequently-asked-questions\/\"]}]},{\"@type\":\"BreadcrumbList\",\"@id\":\"https:\/\/lesemo.com\/en\/frequently-asked-questions\/#breadcrumb\",\"itemListElement\":[{\"@type\":\"ListItem\",\"position\":1,\"name\":\"Home\",\"item\":\"https:\/\/lesemo.com\/en\/\"},{\"@type\":\"ListItem\",\"position\":2,\"name\":\"FAQ\"}]},{\"@type\":\"WebSite\",\"@id\":\"https:\/\/lesemo.com\/#website\",\"url\":\"https:\/\/lesemo.com\/\",\"name\":\"Les Entreprises M\u00e9dicales de L&#039;Outaouais\",\"description\":\"Les Entreprises M\u00e9dicales de L&#039;Outaouais\",\"potentialAction\":[{\"@type\":\"SearchAction\",\"target\":{\"@type\":\"EntryPoint\",\"urlTemplate\":\"https:\/\/lesemo.com\/?s={search_term_string}\"},\"query-input\":{\"@type\":\"PropertyValueSpecification\",\"valueRequired\":true,\"valueName\":\"search_term_string\"}}],\"inLanguage\":\"en-US\"}]}<\/script>\n<!-- \/ Yoast SEO Premium plugin. -->","yoast_head_json":{"title":"FAQ - Les Entreprises M\u00e9dicales de L&#039;Outaouais","robots":{"index":"index","follow":"follow","max-snippet":"max-snippet:-1","max-image-preview":"max-image-preview:large","max-video-preview":"max-video-preview:-1"},"canonical":"https:\/\/lesemo.com\/en\/frequently-asked-questions\/","og_locale":"en_US","og_type":"article","og_title":"FAQ","og_description":"[vc_row][vc_column][vc_custom_heading text=&#8221;Frequently Asked Questions&#8221; font_container=&#8221;tag:h2|text_align:center&#8221; use_theme_fonts=&#8221;yes&#8221;][vc_column_text] Here are the questions we receive most here at Les Entreprises M\u00e9dicales de l&#8217;Outaouais. Our consultants and specialists are here during business hours to answer any question you may have that is not found on this page. [\/vc_column_text][\/vc_column][\/vc_row][vc_row][vc_column][vc_toggle title=&#8221;Do you have ostomy products?&#8221; el_id=&#8221;1481655166238-fbb0d692-7c94&#8243;] Les Entreprises M\u00e9dicales de l&#8217;Outaouais [&hellip;]","og_url":"https:\/\/lesemo.com\/en\/frequently-asked-questions\/","og_site_name":"Les Entreprises M\u00e9dicales de L&#039;Outaouais","article_modified_time":"2020-10-01T12:37:48+00:00","twitter_card":"summary_large_image","twitter_misc":{"Est. reading time":"4 minutes"},"schema":{"@context":"https:\/\/schema.org","@graph":[{"@type":"WebPage","@id":"https:\/\/lesemo.com\/en\/frequently-asked-questions\/","url":"https:\/\/lesemo.com\/en\/frequently-asked-questions\/","name":"FAQ - Les Entreprises M\u00e9dicales de L&#039;Outaouais","isPartOf":{"@id":"https:\/\/lesemo.com\/#website"},"datePublished":"2017-01-16T14:21:56+00:00","dateModified":"2020-10-01T12:37:48+00:00","breadcrumb":{"@id":"https:\/\/lesemo.com\/en\/frequently-asked-questions\/#breadcrumb"},"inLanguage":"en-US","potentialAction":[{"@type":"ReadAction","target":["https:\/\/lesemo.com\/en\/frequently-asked-questions\/"]}]},{"@type":"BreadcrumbList","@id":"https:\/\/lesemo.com\/en\/frequently-asked-questions\/#breadcrumb","itemListElement":[{"@type":"ListItem","position":1,"name":"Home","item":"https:\/\/lesemo.com\/en\/"},{"@type":"ListItem","position":2,"name":"FAQ"}]},{"@type":"WebSite","@id":"https:\/\/lesemo.com\/#website","url":"https:\/\/lesemo.com\/","name":"Les Entreprises M\u00e9dicales de L&#039;Outaouais","description":"Les Entreprises M\u00e9dicales de L&#039;Outaouais","potentialAction":[{"@type":"SearchAction","target":{"@type":"EntryPoint","urlTemplate":"https:\/\/lesemo.com\/?s={search_term_string}"},"query-input":{"@type":"PropertyValueSpecification","valueRequired":true,"valueName":"search_term_string"}}],"inLanguage":"en-US"}]}},"_links":{"self":[{"href":"https:\/\/lesemo.com\/en\/wp-json\/wp\/v2\/pages\/2127","targetHints":{"allow":["GET"]}}],"collection":[{"href":"https:\/\/lesemo.com\/en\/wp-json\/wp\/v2\/pages"}],"about":[{"href":"https:\/\/lesemo.com\/en\/wp-json\/wp\/v2\/types\/page"}],"author":[{"embeddable":true,"href":"https:\/\/lesemo.com\/en\/wp-json\/wp\/v2\/users\/14"}],"replies":[{"embeddable":true,"href":"https:\/\/lesemo.com\/en\/wp-json\/wp\/v2\/comments?post=2127"}],"version-history":[{"count":8,"href":"https:\/\/lesemo.com\/en\/wp-json\/wp\/v2\/pages\/2127\/revisions"}],"predecessor-version":[{"id":7906,"href":"https:\/\/lesemo.com\/en\/wp-json\/wp\/v2\/pages\/2127\/revisions\/7906"}],"wp:attachment":[{"href":"https:\/\/lesemo.com\/en\/wp-json\/wp\/v2\/media?parent=2127"}],"curies":[{"name":"wp","href":"https:\/\/api.w.org\/{rel}","templated":true}]}}