{"id":1992,"date":"2017-01-13T09:39:29","date_gmt":"2017-01-13T14:39:29","guid":{"rendered":"http:\/\/lesemo.com\/achievements\/"},"modified":"2018-12-04T14:02:24","modified_gmt":"2018-12-04T19:02:24","slug":"achievements","status":"publish","type":"page","link":"https:\/\/lesemo.com\/en\/achievements\/","title":{"rendered":"News"},"content":{"rendered":"<div class=\"wpb-content-wrapper\"><p>[vc_row][vc_column]<div class=\"porto-content-box featured-boxes wpb_content_element  featured-boxes-style-1\"><div class=\"featured-box featured-box-primary  align-left\"><div class=\"box-content\" style=\"\">[vc_row_inner][vc_column_inner width=&#8221;1\/2&#8243;][vc_column_text]<strong>Gatineau, November 24, 2018<\/strong> &#8211; The Gatineau Chamber of Commerce today unveiled the winners of the Excelor 2018 Awards at the 22nd edition of the Gala des gens d\u2019affaires presented by Sun Life Financial. Nearly 950 people gathered at this evening of celebrations at the Hilton Lac-Leamy.<\/p>\n<p><strong>Les Entreprises M\u00e9dicales de l&#8217;Outaouais<\/strong>, <strong>ErgoSant<\/strong>\u00e9 and <strong>M\u00e9di-Sant\u00e9<\/strong> won the prize in the &#8220;Human Resources&#8221; category.<\/p>\n<p><strong>Congratulations to all the finalists!<\/strong>[\/vc_column_text][\/vc_column_inner][vc_column_inner width=&#8221;1\/2&#8243;][vc_single_image image=&#8221;4105&#8243; img_size=&#8221;medium&#8221; alignment=&#8221;center&#8221; style=&#8221;vc_box_outline&#8221;][\/vc_column_inner][\/vc_row_inner]<\/div><\/div><\/div>[\/vc_column][\/vc_row][vc_row][vc_column]<div class=\"porto-content-box featured-boxes wpb_content_element  featured-boxes-style-1\"><div class=\"featured-box featured-box-primary  align-left\"><div class=\"box-content\" style=\"\">[vc_row_inner][vc_column_inner width=&#8221;7\/12&#8243;][vc_column_text]<strong>18 April 2018 &#8211; Entrepreneurs from the region are coming together to help Justin, including Les Entreprises m\u00e9dicales de l\u2019Outaouais.<\/strong><\/p>\n<p>&#8221; The Perron-Charron family lives in Buckingham with their 11 years old son and their 6 years old daughter. For the past 4 years, they\u2019ve been living in a mobile home declared unhealthy. Justin was born severely handicapped and need care 24 hours a day from his mother, non-stop. Having only one income and high medical bills put the family in bankruptcy and prevented them from performing the necessary renovations. Their home is now in a precarious situation and represents an imminent risk of fire. The boy\u2019s epileptic seizures increases, probably due to mold. In addition, his wheelchair does not fit into the main hallway, and the mother is no longer able to lift Justin to bring him to his room or bathroom. Together, we want to give this family a better quality of life, and allow them to fully enjoy the remaining years of Justin, whose life expectancy is 25 years.&#8221;<\/p>\n<p>To learn more, consult <a href=\"\/wp-content\/uploads\/2018\/04\/Maison-Justin-communique\u0301-de-presse-18-avril-2018.pdf\" target=\"_blank\" rel=\"noopener\">the following PDF<\/a>.[\/vc_column_text][\/vc_column_inner][vc_column_inner width=&#8221;1\/3&#8243;][vc_single_image image=&#8221;2690&#8243; img_size=&#8221;medium&#8221; alignment=&#8221;center&#8221; style=&#8221;vc_box_outline&#8221;][vc_single_image image=&#8221;2691&#8243; img_size=&#8221;medium&#8221; alignment=&#8221;center&#8221; style=&#8221;vc_box_outline&#8221;][\/vc_column_inner][\/vc_row_inner]<\/div><\/div><\/div>[\/vc_column][\/vc_row][vc_row][vc_column]<div class=\"porto-content-box featured-boxes wpb_content_element  featured-boxes-style-1\"><div class=\"featured-box featured-box-primary  align-left\"><div class=\"box-content\" style=\"\">[vc_row_inner][vc_column_inner width=&#8221;2\/3&#8243;][vc_column_text]<strong>Last May<\/strong>, les Entreprises m\u00e9dicales de l&#8217;Outaouais were proud sponsors of a charity BBQ held to raise funds for the Canadian Cancer Society&#8217;s Relay for Life.<\/p>\n<p>Their implication allowed the event to achieve its goal. With a\u00a0tasty BBQ on a sunny day all clients and organisers had a great time. We were even told the hot dogs were delicious.[\/vc_column_text][\/vc_column_inner][vc_column_inner width=&#8221;1\/3&#8243;][vc_single_image image=&#8221;753&#8243; img_size=&#8221;350&#215;250&#8243; alignment=&#8221;right&#8221; style=&#8221;vc_box_outline&#8221;][\/vc_column_inner][\/vc_row_inner]<\/div><\/div><\/div>[\/vc_column][\/vc_row][vc_row][vc_column]<div class=\"porto-content-box featured-boxes wpb_content_element  featured-boxes-style-1\"><div class=\"featured-box featured-box-primary  align-left\"><div class=\"box-content\" style=\"\">[vc_row_inner][vc_column_inner width=&#8221;2\/3&#8243;][vc_column_text]<strong>October 23 2015<\/strong>, les Entreprises m\u00e9dicales de l&#8217;Outaouais mobilized their employees in order to raise a workplace donation for the Canadian Breast Cancer Foundation.<\/p>\n<p>With help from the Foundation, employees organised a Dress for the Cause day.For this day, employees wore pink paper bras over their clothing. Yes. Even the men! Clients found the activity amusing and encouraged them to donate to the cause.<\/p>\n<p>The Canadian Breast Cancer Foundation offers donation kits that contain information, resources, fun ideas for fund raising. If you wish to get involved with the Foundation, visit their website <a href=\"http:\/\/www.cbcf.org\/\">http:\/\/www.cbcf.org\/<\/a> and gather your family, friends and colleagues.[\/vc_column_text][vc_btn title=&#8221;http:\/\/www.cbcf.org\/&#8221; style=&#8221;outline-custom&#8221; outline_custom_color=&#8221;#002299&#8243; outline_custom_hover_background=&#8221;#002299&#8243; outline_custom_hover_text=&#8221;#ffffff&#8221; size=&#8221;xs&#8221; link=&#8221;url:http%3A%2F%2Fwww.cbcf.org%2Ffr-fr%2F||target:%20_blank|rel:nofollow&#8221;][\/vc_column_inner][vc_column_inner width=&#8221;1\/3&#8243;][vc_single_image image=&#8221;754&#8243; img_size=&#8221;full&#8221; alignment=&#8221;right&#8221; style=&#8221;vc_box_outline&#8221;][\/vc_column_inner][\/vc_row_inner]<\/div><\/div><\/div>[\/vc_column][\/vc_row][vc_row][vc_column]<div class=\"porto-content-box featured-boxes wpb_content_element  featured-boxes-style-1\"><div class=\"featured-box featured-box-primary  align-left\"><div class=\"box-content\" style=\"\">[vc_row_inner][vc_column_inner width=&#8221;1\/3&#8243;][vc_column_text]In partnership with the Canadian Breast Cancer Foundation, La Vie en Rose offers 1$\/bra donated during the Osez le donner\u00a0event.<\/p>\n<p><strong>For the fourth consecutive year<\/strong>, a les EMO employee has been responsible for the campaign. A donation box was placed in the store where people could deposit their bras to give away.<\/p>\n<p>1719 bras\u00a0were collected for a total donation of $1719.<\/p>\n<p>A nice gesture for a great cause.<\/p>\n<p>[\/vc_column_text][\/vc_column_inner][vc_column_inner width=&#8221;1\/3&#8243;][vc_single_image image=&#8221;755&#8243; img_size=&#8221;full&#8221; style=&#8221;vc_box_outline&#8221;][\/vc_column_inner][vc_column_inner width=&#8221;1\/3&#8243;][vc_single_image image=&#8221;756&#8243; img_size=&#8221;medium&#8221; style=&#8221;vc_box_outline&#8221;][\/vc_column_inner][\/vc_row_inner]<\/div><\/div><\/div>[\/vc_column][\/vc_row]<\/p>\n<\/div>","protected":false},"excerpt":{"rendered":"<p>[vc_row][vc_column][\/vc_column][\/vc_row][vc_row][vc_column][\/vc_column][\/vc_row][vc_row][vc_column][\/vc_column][\/vc_row][vc_row][vc_column][\/vc_column][\/vc_row][vc_row][vc_column][\/vc_column][\/vc_row]<\/p>\n","protected":false},"author":14,"featured_media":0,"parent":0,"menu_order":0,"comment_status":"closed","ping_status":"closed","template":"","meta":{"footnotes":""},"class_list":["post-1992","page","type-page","status-publish","hentry"],"yoast_head":"<!-- This site is optimized with the Yoast SEO Premium plugin v27.4 (Yoast SEO v27.4) - https:\/\/yoast.com\/product\/yoast-seo-premium-wordpress\/ -->\n<title>News - Les Entreprises M\u00e9dicales de L&#039;Outaouais<\/title>\n<meta name=\"robots\" content=\"index, follow, max-snippet:-1, max-image-preview:large, max-video-preview:-1\" \/>\n<link rel=\"canonical\" href=\"https:\/\/lesemo.com\/en\/achievements\/\" \/>\n<meta property=\"og:locale\" content=\"en_US\" \/>\n<meta property=\"og:type\" content=\"article\" \/>\n<meta property=\"og:title\" content=\"News\" \/>\n<meta property=\"og:description\" content=\"[vc_row][vc_column][\/vc_column][\/vc_row][vc_row][vc_column][\/vc_column][\/vc_row][vc_row][vc_column][\/vc_column][\/vc_row][vc_row][vc_column][\/vc_column][\/vc_row][vc_row][vc_column][\/vc_column][\/vc_row]\" \/>\n<meta property=\"og:url\" content=\"https:\/\/lesemo.com\/en\/achievements\/\" \/>\n<meta property=\"og:site_name\" content=\"Les Entreprises M\u00e9dicales de L&#039;Outaouais\" \/>\n<meta property=\"article:modified_time\" content=\"2018-12-04T19:02:24+00:00\" \/>\n<meta name=\"twitter:card\" content=\"summary_large_image\" \/>\n<meta name=\"twitter:label1\" content=\"Est. reading time\" \/>\n\t<meta name=\"twitter:data1\" content=\"4 minutes\" \/>\n<script type=\"application\/ld+json\" class=\"yoast-schema-graph\">{\"@context\":\"https:\\\/\\\/schema.org\",\"@graph\":[{\"@type\":\"WebPage\",\"@id\":\"https:\\\/\\\/lesemo.com\\\/en\\\/achievements\\\/\",\"url\":\"https:\\\/\\\/lesemo.com\\\/en\\\/achievements\\\/\",\"name\":\"News - Les Entreprises M\u00e9dicales de L&#039;Outaouais\",\"isPartOf\":{\"@id\":\"https:\\\/\\\/lesemo.com\\\/#website\"},\"datePublished\":\"2017-01-13T14:39:29+00:00\",\"dateModified\":\"2018-12-04T19:02:24+00:00\",\"breadcrumb\":{\"@id\":\"https:\\\/\\\/lesemo.com\\\/en\\\/achievements\\\/#breadcrumb\"},\"inLanguage\":\"en-US\",\"potentialAction\":[{\"@type\":\"ReadAction\",\"target\":[\"https:\\\/\\\/lesemo.com\\\/en\\\/achievements\\\/\"]}]},{\"@type\":\"BreadcrumbList\",\"@id\":\"https:\\\/\\\/lesemo.com\\\/en\\\/achievements\\\/#breadcrumb\",\"itemListElement\":[{\"@type\":\"ListItem\",\"position\":1,\"name\":\"Home\",\"item\":\"https:\\\/\\\/lesemo.com\\\/en\\\/\"},{\"@type\":\"ListItem\",\"position\":2,\"name\":\"News\"}]},{\"@type\":\"WebSite\",\"@id\":\"https:\\\/\\\/lesemo.com\\\/#website\",\"url\":\"https:\\\/\\\/lesemo.com\\\/\",\"name\":\"Les Entreprises M\u00e9dicales de L&#039;Outaouais\",\"description\":\"Les Entreprises M\u00e9dicales de L&#039;Outaouais\",\"potentialAction\":[{\"@type\":\"SearchAction\",\"target\":{\"@type\":\"EntryPoint\",\"urlTemplate\":\"https:\\\/\\\/lesemo.com\\\/?s={search_term_string}\"},\"query-input\":{\"@type\":\"PropertyValueSpecification\",\"valueRequired\":true,\"valueName\":\"search_term_string\"}}],\"inLanguage\":\"en-US\"}]}<\/script>\n<!-- \/ Yoast SEO Premium plugin. -->","yoast_head_json":{"title":"News - Les Entreprises M\u00e9dicales de L&#039;Outaouais","robots":{"index":"index","follow":"follow","max-snippet":"max-snippet:-1","max-image-preview":"max-image-preview:large","max-video-preview":"max-video-preview:-1"},"canonical":"https:\/\/lesemo.com\/en\/achievements\/","og_locale":"en_US","og_type":"article","og_title":"News","og_description":"[vc_row][vc_column][\/vc_column][\/vc_row][vc_row][vc_column][\/vc_column][\/vc_row][vc_row][vc_column][\/vc_column][\/vc_row][vc_row][vc_column][\/vc_column][\/vc_row][vc_row][vc_column][\/vc_column][\/vc_row]","og_url":"https:\/\/lesemo.com\/en\/achievements\/","og_site_name":"Les Entreprises M\u00e9dicales de L&#039;Outaouais","article_modified_time":"2018-12-04T19:02:24+00:00","twitter_card":"summary_large_image","twitter_misc":{"Est. reading time":"4 minutes"},"schema":{"@context":"https:\/\/schema.org","@graph":[{"@type":"WebPage","@id":"https:\/\/lesemo.com\/en\/achievements\/","url":"https:\/\/lesemo.com\/en\/achievements\/","name":"News - Les Entreprises M\u00e9dicales de L&#039;Outaouais","isPartOf":{"@id":"https:\/\/lesemo.com\/#website"},"datePublished":"2017-01-13T14:39:29+00:00","dateModified":"2018-12-04T19:02:24+00:00","breadcrumb":{"@id":"https:\/\/lesemo.com\/en\/achievements\/#breadcrumb"},"inLanguage":"en-US","potentialAction":[{"@type":"ReadAction","target":["https:\/\/lesemo.com\/en\/achievements\/"]}]},{"@type":"BreadcrumbList","@id":"https:\/\/lesemo.com\/en\/achievements\/#breadcrumb","itemListElement":[{"@type":"ListItem","position":1,"name":"Home","item":"https:\/\/lesemo.com\/en\/"},{"@type":"ListItem","position":2,"name":"News"}]},{"@type":"WebSite","@id":"https:\/\/lesemo.com\/#website","url":"https:\/\/lesemo.com\/","name":"Les Entreprises M\u00e9dicales de L&#039;Outaouais","description":"Les Entreprises M\u00e9dicales de L&#039;Outaouais","potentialAction":[{"@type":"SearchAction","target":{"@type":"EntryPoint","urlTemplate":"https:\/\/lesemo.com\/?s={search_term_string}"},"query-input":{"@type":"PropertyValueSpecification","valueRequired":true,"valueName":"search_term_string"}}],"inLanguage":"en-US"}]}},"_links":{"self":[{"href":"https:\/\/lesemo.com\/en\/wp-json\/wp\/v2\/pages\/1992","targetHints":{"allow":["GET"]}}],"collection":[{"href":"https:\/\/lesemo.com\/en\/wp-json\/wp\/v2\/pages"}],"about":[{"href":"https:\/\/lesemo.com\/en\/wp-json\/wp\/v2\/types\/page"}],"author":[{"embeddable":true,"href":"https:\/\/lesemo.com\/en\/wp-json\/wp\/v2\/users\/14"}],"replies":[{"embeddable":true,"href":"https:\/\/lesemo.com\/en\/wp-json\/wp\/v2\/comments?post=1992"}],"version-history":[{"count":12,"href":"https:\/\/lesemo.com\/en\/wp-json\/wp\/v2\/pages\/1992\/revisions"}],"predecessor-version":[{"id":4134,"href":"https:\/\/lesemo.com\/en\/wp-json\/wp\/v2\/pages\/1992\/revisions\/4134"}],"wp:attachment":[{"href":"https:\/\/lesemo.com\/en\/wp-json\/wp\/v2\/media?parent=1992"}],"curies":[{"name":"wp","href":"https:\/\/api.w.org\/{rel}","templated":true}]}}