{"id":1795,"date":"2017-01-04T10:00:45","date_gmt":"2017-01-04T15:00:45","guid":{"rendered":"http:\/\/lesemo.com\/hair-loss\/"},"modified":"2017-03-08T16:15:18","modified_gmt":"2017-03-08T21:15:18","slug":"hair-loss","status":"publish","type":"page","link":"https:\/\/lesemo.com\/en\/medical-conditions\/hair-loss\/","title":{"rendered":"Hair loss"},"content":{"rendered":"<div class=\"wpb-content-wrapper\"><p>[vc_row css=&#8221;.vc_custom_1478196459104{margin-top: -35px !important;background-image: url(\/wp-content\/uploads\/2016\/10\/bg_photos-1.jpg?id=894) !important;background-position: 0 0 !important;background-repeat: no-repeat !important;}&#8221; el_id=&#8221;bg_conditions&#8221;][vc_column css=&#8221;.vc_custom_1478196477719{margin-top: 35px !important;}&#8221; offset=&#8221;vc_col-lg-8 vc_col-md-8&#8243;][vc_empty_space height=&#8221;15px&#8221;][vc_column_text]<\/p>\n<h2>Wigs\/hair prosthesis<\/h2>\n<p>There are several causes for loss of hair: chemotherapy, alopecia, maternity, menopause, medication. the good news is that les Entreprises M\u00e9dicales de l&#8217;Outaouais has Nancy Matte, the hair loss and haircare specialist.<\/p>\n<p>Owner of Coiffure S\u00e9r\u00e9nit\u00e9 for the last 15 years, Nancy shares here know-how with all women. As an authorised distributor of Jon Renau products, Coiffure S\u00e9r\u00e9nit\u00e9 a wide selection of natural and synthetic wigs. Hairpieces, turbans, extensions and all maintenance products are also available.<\/p>\n<p>&nbsp;<\/p>\n<p>[\/vc_column_text][vc_empty_space height=&#8221;2px&#8221;][vc_empty_space][vc_column_text]We&#8217;re here to help. Nancy is knowledgeable and compassionate offers customized service. Always there to listen, she diligent and discrete and will guide in confidence to the best product(s) for your situation and needs. All this proposed with style and comfort.<\/p>\n<p>Consult the Wigs and Hair prosthesis section for more info.[\/vc_column_text][\/vc_column][vc_column css=&#8221;.vc_custom_1478196489667{padding-top: 36px !important;padding-right: 36px !important;padding-bottom: 36px !important;padding-left: 36px !important;background-position: center !important;background-repeat: no-repeat !important;background-size: cover !important;}&#8221; offset=&#8221;vc_col-lg-4 vc_col-md-4&#8243;][vc_single_image image=&#8221;1081&#8243; img_size=&#8221;medium&#8221; alignment=&#8221;center&#8221; style=&#8221;vc_box_outline&#8221;][\/vc_column][\/vc_row]<\/p>\n<\/div>","protected":false},"excerpt":{"rendered":"<p>[vc_row css=&#8221;.vc_custom_1478196459104{margin-top: -35px !important;background-image: url(\/wp-content\/uploads\/2016\/10\/bg_photos-1.jpg?id=894) !important;background-position: 0 0 !important;background-repeat: no-repeat !important;}&#8221; el_id=&#8221;bg_conditions&#8221;][vc_column css=&#8221;.vc_custom_1478196477719{margin-top: 35px !important;}&#8221; offset=&#8221;vc_col-lg-8 vc_col-md-8&#8243;][vc_empty_space height=&#8221;15px&#8221;][vc_column_text] Wigs\/hair prosthesis There are several causes for loss of hair: chemotherapy, alopecia, maternity, menopause, medication. the good news is that les Entreprises M\u00e9dicales de l&#8217;Outaouais has Nancy Matte, the hair loss and haircare specialist. Owner of Coiffure [&hellip;]<\/p>\n","protected":false},"author":14,"featured_media":0,"parent":2014,"menu_order":0,"comment_status":"closed","ping_status":"closed","template":"","meta":{"footnotes":""},"class_list":["post-1795","page","type-page","status-publish","hentry"],"yoast_head":"<!-- This site is optimized with the Yoast SEO Premium plugin v27.2 (Yoast SEO v27.2) - https:\/\/yoast.com\/product\/yoast-seo-premium-wordpress\/ -->\n<title>Hair loss - Les Entreprises M\u00e9dicales de L&#039;Outaouais<\/title>\n<meta name=\"robots\" content=\"index, follow, max-snippet:-1, max-image-preview:large, max-video-preview:-1\" \/>\n<link rel=\"canonical\" href=\"https:\/\/lesemo.com\/en\/medical-conditions\/hair-loss\/\" \/>\n<meta property=\"og:locale\" content=\"en_US\" \/>\n<meta property=\"og:type\" content=\"article\" \/>\n<meta property=\"og:title\" content=\"Hair loss\" \/>\n<meta property=\"og:description\" content=\"[vc_row css=&#8221;.vc_custom_1478196459104{margin-top: -35px !important;background-image: url(\/wp-content\/uploads\/2016\/10\/bg_photos-1.jpg?id=894) !important;background-position: 0 0 !important;background-repeat: no-repeat !important;}&#8221; el_id=&#8221;bg_conditions&#8221;][vc_column css=&#8221;.vc_custom_1478196477719{margin-top: 35px !important;}&#8221; offset=&#8221;vc_col-lg-8 vc_col-md-8&#8243;][vc_empty_space height=&#8221;15px&#8221;][vc_column_text] Wigs\/hair prosthesis There are several causes for loss of hair: chemotherapy, alopecia, maternity, menopause, medication. the good news is that les Entreprises M\u00e9dicales de l&#8217;Outaouais has Nancy Matte, the hair loss and haircare specialist. Owner of Coiffure [&hellip;]\" \/>\n<meta property=\"og:url\" content=\"https:\/\/lesemo.com\/en\/medical-conditions\/hair-loss\/\" \/>\n<meta property=\"og:site_name\" content=\"Les Entreprises M\u00e9dicales de L&#039;Outaouais\" \/>\n<meta property=\"article:modified_time\" content=\"2017-03-08T21:15:18+00:00\" \/>\n<meta name=\"twitter:card\" content=\"summary_large_image\" \/>\n<meta name=\"twitter:label1\" content=\"Est. reading time\" \/>\n\t<meta name=\"twitter:data1\" content=\"1 minute\" \/>\n<script type=\"application\/ld+json\" class=\"yoast-schema-graph\">{\"@context\":\"https:\/\/schema.org\",\"@graph\":[{\"@type\":\"WebPage\",\"@id\":\"https:\/\/lesemo.com\/en\/medical-conditions\/hair-loss\/\",\"url\":\"https:\/\/lesemo.com\/en\/medical-conditions\/hair-loss\/\",\"name\":\"Hair loss - Les Entreprises M\u00e9dicales de L&#039;Outaouais\",\"isPartOf\":{\"@id\":\"https:\/\/lesemo.com\/#website\"},\"datePublished\":\"2017-01-04T15:00:45+00:00\",\"dateModified\":\"2017-03-08T21:15:18+00:00\",\"breadcrumb\":{\"@id\":\"https:\/\/lesemo.com\/en\/medical-conditions\/hair-loss\/#breadcrumb\"},\"inLanguage\":\"en-US\",\"potentialAction\":[{\"@type\":\"ReadAction\",\"target\":[\"https:\/\/lesemo.com\/en\/medical-conditions\/hair-loss\/\"]}]},{\"@type\":\"BreadcrumbList\",\"@id\":\"https:\/\/lesemo.com\/en\/medical-conditions\/hair-loss\/#breadcrumb\",\"itemListElement\":[{\"@type\":\"ListItem\",\"position\":1,\"name\":\"Home\",\"item\":\"https:\/\/lesemo.com\/en\/\"},{\"@type\":\"ListItem\",\"position\":2,\"name\":\"Medical Conditions\",\"item\":\"https:\/\/lesemo.com\/en\/medical-conditions\/\"},{\"@type\":\"ListItem\",\"position\":3,\"name\":\"Hair loss\"}]},{\"@type\":\"WebSite\",\"@id\":\"https:\/\/lesemo.com\/#website\",\"url\":\"https:\/\/lesemo.com\/\",\"name\":\"Les Entreprises M\u00e9dicales de L&#039;Outaouais\",\"description\":\"Les Entreprises M\u00e9dicales de L&#039;Outaouais\",\"potentialAction\":[{\"@type\":\"SearchAction\",\"target\":{\"@type\":\"EntryPoint\",\"urlTemplate\":\"https:\/\/lesemo.com\/?s={search_term_string}\"},\"query-input\":{\"@type\":\"PropertyValueSpecification\",\"valueRequired\":true,\"valueName\":\"search_term_string\"}}],\"inLanguage\":\"en-US\"}]}<\/script>\n<!-- \/ Yoast SEO Premium plugin. -->","yoast_head_json":{"title":"Hair loss - Les Entreprises M\u00e9dicales de L&#039;Outaouais","robots":{"index":"index","follow":"follow","max-snippet":"max-snippet:-1","max-image-preview":"max-image-preview:large","max-video-preview":"max-video-preview:-1"},"canonical":"https:\/\/lesemo.com\/en\/medical-conditions\/hair-loss\/","og_locale":"en_US","og_type":"article","og_title":"Hair loss","og_description":"[vc_row css=&#8221;.vc_custom_1478196459104{margin-top: -35px !important;background-image: url(\/wp-content\/uploads\/2016\/10\/bg_photos-1.jpg?id=894) !important;background-position: 0 0 !important;background-repeat: no-repeat !important;}&#8221; el_id=&#8221;bg_conditions&#8221;][vc_column css=&#8221;.vc_custom_1478196477719{margin-top: 35px !important;}&#8221; offset=&#8221;vc_col-lg-8 vc_col-md-8&#8243;][vc_empty_space height=&#8221;15px&#8221;][vc_column_text] Wigs\/hair prosthesis There are several causes for loss of hair: chemotherapy, alopecia, maternity, menopause, medication. the good news is that les Entreprises M\u00e9dicales de l&#8217;Outaouais has Nancy Matte, the hair loss and haircare specialist. Owner of Coiffure [&hellip;]","og_url":"https:\/\/lesemo.com\/en\/medical-conditions\/hair-loss\/","og_site_name":"Les Entreprises M\u00e9dicales de L&#039;Outaouais","article_modified_time":"2017-03-08T21:15:18+00:00","twitter_card":"summary_large_image","twitter_misc":{"Est. reading time":"1 minute"},"schema":{"@context":"https:\/\/schema.org","@graph":[{"@type":"WebPage","@id":"https:\/\/lesemo.com\/en\/medical-conditions\/hair-loss\/","url":"https:\/\/lesemo.com\/en\/medical-conditions\/hair-loss\/","name":"Hair loss - Les Entreprises M\u00e9dicales de L&#039;Outaouais","isPartOf":{"@id":"https:\/\/lesemo.com\/#website"},"datePublished":"2017-01-04T15:00:45+00:00","dateModified":"2017-03-08T21:15:18+00:00","breadcrumb":{"@id":"https:\/\/lesemo.com\/en\/medical-conditions\/hair-loss\/#breadcrumb"},"inLanguage":"en-US","potentialAction":[{"@type":"ReadAction","target":["https:\/\/lesemo.com\/en\/medical-conditions\/hair-loss\/"]}]},{"@type":"BreadcrumbList","@id":"https:\/\/lesemo.com\/en\/medical-conditions\/hair-loss\/#breadcrumb","itemListElement":[{"@type":"ListItem","position":1,"name":"Home","item":"https:\/\/lesemo.com\/en\/"},{"@type":"ListItem","position":2,"name":"Medical Conditions","item":"https:\/\/lesemo.com\/en\/medical-conditions\/"},{"@type":"ListItem","position":3,"name":"Hair loss"}]},{"@type":"WebSite","@id":"https:\/\/lesemo.com\/#website","url":"https:\/\/lesemo.com\/","name":"Les Entreprises M\u00e9dicales de L&#039;Outaouais","description":"Les Entreprises M\u00e9dicales de L&#039;Outaouais","potentialAction":[{"@type":"SearchAction","target":{"@type":"EntryPoint","urlTemplate":"https:\/\/lesemo.com\/?s={search_term_string}"},"query-input":{"@type":"PropertyValueSpecification","valueRequired":true,"valueName":"search_term_string"}}],"inLanguage":"en-US"}]}},"_links":{"self":[{"href":"https:\/\/lesemo.com\/en\/wp-json\/wp\/v2\/pages\/1795","targetHints":{"allow":["GET"]}}],"collection":[{"href":"https:\/\/lesemo.com\/en\/wp-json\/wp\/v2\/pages"}],"about":[{"href":"https:\/\/lesemo.com\/en\/wp-json\/wp\/v2\/types\/page"}],"author":[{"embeddable":true,"href":"https:\/\/lesemo.com\/en\/wp-json\/wp\/v2\/users\/14"}],"replies":[{"embeddable":true,"href":"https:\/\/lesemo.com\/en\/wp-json\/wp\/v2\/comments?post=1795"}],"version-history":[{"count":4,"href":"https:\/\/lesemo.com\/en\/wp-json\/wp\/v2\/pages\/1795\/revisions"}],"predecessor-version":[{"id":1799,"href":"https:\/\/lesemo.com\/en\/wp-json\/wp\/v2\/pages\/1795\/revisions\/1799"}],"up":[{"embeddable":true,"href":"https:\/\/lesemo.com\/en\/wp-json\/wp\/v2\/pages\/2014"}],"wp:attachment":[{"href":"https:\/\/lesemo.com\/en\/wp-json\/wp\/v2\/media?parent=1795"}],"curies":[{"name":"wp","href":"https:\/\/api.w.org\/{rel}","templated":true}]}}